{"id":300501,"date":"2023-08-21T18:18:53","date_gmt":"2023-08-21T16:18:53","guid":{"rendered":"https:\/\/be.themedialeader.com\/politique-de-gestion-des-donnees-personnelles-et-des-cookies\/"},"modified":"2025-09-17T15:32:26","modified_gmt":"2025-09-17T13:32:26","slug":"persoonsgegevens","status":"publish","type":"page","link":"https:\/\/be.themedialeader.com\/nl\/persoonsgegevens\/","title":{"rendered":"Persoonsgegevens"},"content":{"rendered":"<h1><strong>Persoonsgegevens<\/strong><\/h1>\n<p><a target=\"_blank\" rel=\"noopener\" href=\"https:\/\/be.themedialeader.com\/wp-content\/uploads\/2025\/09\/Adwanted_Media_Solutions_Privacy_Policy_NL.pdf\">Bekijk hier ons privacy- en cookiebeleid.<\/a><\/p>\n<p>Adwanted Media Solutions s\u2019engage \u00e0 prot\u00e9ger les donn\u00e9es \u00e0 caract\u00e8re personnel de ses clients et de ses lecteurs et \u00e0 en assurer le meilleur niveau de protection.<\/p>\n<p>Adwanted Media Solutions, en tant que responsable de traitement, s\u2019engage \u00e0 respecter les dispositions du r\u00e8glement (UE) n\u00b02016\/679 du 27 avril 2016 relatif \u00e0 la protection des donn\u00e9es \u00e0 caract\u00e8re personnel (RGPD) et de la loi n\u00b078-17 du 6 janvier 1978 modifi\u00e9e.<\/p>\n<p><strong>SOMMAIRE<\/strong><br \/>\n1. Identit\u00e9 du responsable de traitement<br \/>\n2. Finalit\u00e9s de collecte des donn\u00e9es et bases l\u00e9gales<br \/>\n3. Droits des personnes<br \/>\n4. Destinataires des donn\u00e9es<br \/>\n5. Transferts de donn\u00e9es en dehors de l&#8217;Union Europ\u00e9enne<br \/>\n6. Dur\u00e9e de conservation des donn\u00e9es<br \/>\n7. Collecte de donn\u00e9es de mineurs<br \/>\n8. Prospection commerciale<br \/>\n9. Cookies, tags et traceurs<\/p>\n<p><span style=\"text-decoration: underline;\"><strong>1. Identit\u00e9 du responsable de traitement\u00a0<\/strong><\/span><br \/>\nLa soci\u00e9t\u00e9 qui collecte les donn\u00e9es \u00e0 caract\u00e8re personnel et mets en \u0153uvre les traitements de donn\u00e9e est\u00a0:<br \/>\nAdwanted Media Solutions, Soci\u00e9t\u00e9 par Actions Simplifi\u00e9 au capital de 50.000\u20ac, immatricul\u00e9e au Registre du Commerce et des Soci\u00e9t\u00e9s de Paris sous le num\u00e9ro 485 362 495 dont le si\u00e8ge social est situ\u00e9 13 rue La Fayette, 75009 Paris.<\/p>\n<p><span style=\"text-decoration: underline;\"><strong>2. Finalit\u00e9s de collecte des donn\u00e9es et bases l\u00e9gales\u00a0<\/strong><\/span><br \/>\nAdwanted Media Solutions est amen\u00e9e \u00e0 collecter et \u00e0 traiter les donn\u00e9es \u00e0 caract\u00e8re personnel de ses clients pour effectuer les traitements suivants :<\/p>\n<table  style=\"background-color: #ffffff; border: 1px solid #000000;\">\n<tbody>\n<tr>\n<td style=\"width: 50%; border: 1px dashed #0f0f0f; padding: 4px 8px;\"><strong>Finalit\u00e9 de traitement mise en \u0153uvre par Adwanted Media Solutions <\/strong><\/td>\n<td style=\"width: 50%; border: 1px solid #000000; padding: 4px 8px;\"><strong>Base l\u00e9gale<\/strong><\/td>\n<\/tr>\n<tr>\n<td style=\"width: 50%; border: 1px solid #000000; padding: 4px 8px;\" data-label=\"Finalit\u00e9 de traitement mise en \u0153uvre par OFFREMEDIA\">Envoi de la newsletter The Media Leader<\/td>\n<td style=\"width: 50%; border: 1px solid #000000; padding: 4px 8px;\" data-label=\"Base l\u00e9gale\">Int\u00e9r\u00eat l\u00e9gitime d\u2019Adwanted Media Solutions : L&#8217;activit\u00e9 d&#8217;Adwanted Media Solutions est de proposer des actualit\u00e9s pour les professionnels en lien avec le secteur des m\u00e9dias, de la publicit\u00e9 et de la communication<\/td>\n<\/tr>\n<tr>\n<td style=\"width: 50%; border: 1px solid #000000; padding: 4px 8px;\" data-label=\"Finalit\u00e9 de traitement mise en \u0153uvre par OFFREMEDIA\">Organisation d\u2019\u00e9v\u00e8nements professionnels<\/td>\n<td style=\"width: 50%; border: 1px solid #000000; padding: 4px 8px;\" data-label=\"Base l\u00e9gale\">Int\u00e9r\u00eat l\u00e9gitime de la soci\u00e9t\u00e9 d&#8217;organiser des \u00e9v\u00e9nements et de promouvoir ses services et sa newsletter<\/td>\n<\/tr>\n<tr>\n<td style=\"width: 50%; border: 1px solid #000000; padding: 4px 8px;\" data-label=\"Finalit\u00e9 de traitement mise en \u0153uvre par OFFREMEDIA\">Mesure de fr\u00e9quentation du site internet TheMediaLeader ;<\/td>\n<td style=\"width: 50%; border: 1px solid #000000; padding: 4px 8px;\" data-label=\"Base l\u00e9gale\">Consentement du visiteur du site web<\/td>\n<\/tr>\n<tr>\n<td style=\"width: 50%; border: 1px solid #000000; padding: 4px 8px;\" data-label=\"Finalit\u00e9 de traitement mise en \u0153uvre par OFFREMEDIA\">Gestion de l\u2019annuaire en ligne Tarif Media<\/td>\n<td style=\"width: 50%; border: 1px solid #000000; padding: 4px 8px;\" data-label=\"Base l\u00e9gale\">Int\u00e9r\u00eat l\u00e9gitime d\u2019Adwanted Media Solutions de mettre en ligne les coordonn\u00e9es des contacts des entreprises dans le domaine du marketing<\/td>\n<\/tr>\n<tr>\n<td style=\"width: 50%; border: 1px solid #000000; padding: 4px 8px;\" data-label=\"Finalit\u00e9 de traitement mise en \u0153uvre par OFFREMEDIA\">Commercialisation des prestations : Gestion des commandes, des devis, des contrats et de la facturation ;<\/td>\n<td style=\"width: 50%; border: 1px solid #000000; padding: 4px 8px;\" data-label=\"Base l\u00e9gale\">Ex\u00e9cution du contrat pass\u00e9 entre un Client et Adwanted Media Solutions<\/td>\n<\/tr>\n<\/tbody>\n<\/table>\n<p><strong>3. Droits des personnes<\/strong><br \/>\n<em><strong>3.1. Quels sont les droits pouvant \u00eatre exerc\u00e9s\u00a0?<\/strong><\/em><br \/>\nEn application des articles 15 \u00e0 22 du r\u00e8glement 2016\/679 du 27 avril 2016, toute personne physique dont les donn\u00e9es ont \u00e9t\u00e9 collect\u00e9s \u00e0 la facult\u00e9 d\u2019exercer les droits suivants :<br \/>\n&#8211; Un droit d\u2019acc\u00e8s<br \/>\n&#8211; Un droit de rectification,<br \/>\n&#8211; Un droit d\u2019opposition au traitement de ses donn\u00e9es et d\u2019effacement de ses donn\u00e9es<br \/>\n&#8211; Un droit d\u2019opposition au profilage<br \/>\n&#8211; Un droit \u00e0 la limitation du traitement,<br \/>\n&#8211; Un droit \u00e0 la portabilit\u00e9 de ses donn\u00e9es<br \/>\nLa personne concern\u00e9e peut \u00e9galement formuler des directives relatives \u00e0 la conservation, \u00e0 l&#8217;effacement et \u00e0 la communication de ses donn\u00e9es \u00e0 caract\u00e8re personnel apr\u00e8s son d\u00e9c\u00e8s conform\u00e9ment \u00e0 l\u2019article 40-1 de la loi 78-17 du 6 janvier 1978. Ces directives peuvent \u00eatre g\u00e9n\u00e9rales ou particuli\u00e8res. Enfin, la personne concern\u00e9e a la facult\u00e9 de retirer son consentement \u00e0 tout moment.<\/p>\n<p><em><strong>3.2. Comment les exercer\u00a0?<\/strong><\/em><br \/>\nCes droits peuvent \u00eatre exerc\u00e9s aupr\u00e8s de la soci\u00e9t\u00e9 Adwanted Media Solutions qui a collect\u00e9 les donn\u00e9es \u00e0 caract\u00e8re personnel de la mani\u00e8re suivante :<br \/>\n&#8211; Par voie \u00e9lectronique, \u00e0 l\u2019adresse : dpo@adwanted.com<br \/>\nLa demande doit indiquer, les nom, pr\u00e9nom, email.<br \/>\nApr\u00e8s v\u00e9rification de votre identit\u00e9, Adwanted Media Solutions adresse une r\u00e9ponse dans un d\u00e9lai d\u20191 mois apr\u00e8s l\u2019exercice du droit. Dans certains cas, li\u00e9s \u00e0 la complexit\u00e9 de la demande ou au nombre de demandes, ce d\u00e9lai peut \u00eatre prolong\u00e9 de 2 mois.<br \/>\nCes droits peuvent dans certains cas pr\u00e9vus par la r\u00e8glementation \u00eatre soumis \u00e0 exceptions.<br \/>\nEn cas de non-r\u00e9ponse ou de r\u00e9ponse non satisfaisante, la personne concern\u00e9e \u00e0 la facult\u00e9 de saisir l\u2019autorit\u00e9 de contr\u00f4le sur la protection des donn\u00e9es (la CNIL : www.cnil.fr).<\/p>\n<p><strong>4. Dur\u00e9e de conservation des donn\u00e9es<\/strong><br \/>\nAdwanted Media Solutions a d\u00e9termin\u00e9 des r\u00e8gles pr\u00e9cises concernant la dur\u00e9e de conservation des donn\u00e9es \u00e0 caract\u00e8re personnel des personnes concern\u00e9es. Par principe, sauf obligation l\u00e9gale contraire, les donn\u00e9es sont conserv\u00e9es pendant la dur\u00e9e n\u00e9cessaire \u00e0 l\u2019accomplissement des finalit\u00e9s pour lesquelles elles ont \u00e9t\u00e9 collect\u00e9es.<br \/>\nLes dur\u00e9es de conservation retenues sont les suivantes\u00a0:<br \/>\n&#8211; Les donn\u00e9es des abonn\u00e9s \u00e0 la newsletter sont conserv\u00e9es pendant 3 ans \u00e0 compter du dernier<br \/>\ncontact\u00a0;<br \/>\n&#8211; Les donn\u00e9es des clients sont conserv\u00e9es pendant 3 ans \u00e0 compter du dernier achat\u00a0;<br \/>\n&#8211; Les cookies de mesure d\u2019audience, de publicit\u00e9 cibl\u00e9e et de partage vers les r\u00e9seaux sociaux se d\u00e9posent sur le terminal du client pendant une dur\u00e9e de 13 mois\u00a0;<br \/>\n&#8211; Les factures d\u2019achat sont conserv\u00e9es pendant 10 ans.<\/p>\n<p><strong>5. Newsletter The Media Leader<\/strong><br \/>\nAdwanted Media Solutions utilise vos coordonn\u00e9es pour vous adresser la newsletter The Media Leader qui s\u2019adresse \u00e0 un public BtoB.<\/p>\n<p>Adwanted Media Solutions respecte les r\u00e8gles \u00e9dict\u00e9es par la directive 2002\/58\/CE du 12 juillet 2002.<br \/>\nAdwanted Media Solutions ne vous adressera pas de newsletter si vous vous y \u00eates oppos\u00e9s lors de la collecte des donn\u00e9es ou en cliquant sur le lien \u00ab se d\u00e9sabonner \u00bb pr\u00e9vu dans chaque email ou si vous avez exerc\u00e9 vos droits conform\u00e9ment au point 3 de la pr\u00e9sente politique.<\/p>\n<p><strong>6. Cookies, tags et traceurs<\/strong><br \/>\n<em><strong>6.1. Qu&#8217;est ce qu&#8217;un cookie ?<\/strong><\/em><br \/>\nLes cookies sont de petits fichiers textes souvent crypt\u00e9s qui sont stock\u00e9s dans le navigateur de votre ordinateur ou sur votre appareil mobile lorsque vous visitez certains sites web. Ils sont destin\u00e9s \u00e0 collecter des informations anonymes sur la fa\u00e7on dont les utilisateurs naviguent notre site web.<br \/>\nLes cookies sont \u00e9galement utilis\u00e9s pour conna\u00eetre l&#8217;affluence et ou la fr\u00e9quence de visiteurs pr\u00e9sents sur notre site afin notamment de s\u00e9assurer que ce dernier fonctionne rapidement.<\/p>\n<p><em><strong>6.2. A quoi servent les cookies ?<\/strong><\/em><br \/>\nSelon vos choix (que vous pouvez modifier \u00e0 tout moment), les cookies que nous \u00e9mettons nous permettent principalement de conserver vos informations de connexion, de vous proposer des publicit\u00e9s cibl\u00e9es adapt\u00e9es \u00e0 vos centres d\u2019int\u00e9r\u00eats et de r\u00e9aliser des statistiques de visites.<\/p>\n<p><em><strong>6.3. Dur\u00e9e de conservation des cookies<\/strong><\/em><br \/>\nLes cookies sont conserv\u00e9s pour une dur\u00e9e de 13 mois apr\u00e8s leur premier d\u00e9p\u00f4t dans l\u2019\u00e9quipement terminal de l\u2019utilisateur.<\/p>\n<p><em><strong>6.4. Les cookies utilis\u00e9s\u00a0<\/strong><\/em><br \/>\n<span style=\"text-decoration: underline;\"><em><strong>6.4.1. Cookies strictement n\u00e9cessaires<\/strong><\/em><\/span><br \/>\nCe sont les cookies n\u00e9cessaires au bon fonctionnement de notre site Internet. Ceux-ci vous permettent d\u2019utiliser les fonctionnalit\u00e9s principales de notre site, telles que naviguer sur notre site, cr\u00e9er un panier d\u2019achat, conserver les donn\u00e9es de votre profil. Accepter ces cookies est une condition n\u00e9cessaire \u00e0 l\u2019utilisation de notre site Internet. Si vous les refusez, nous ne pouvons assurer une navigation normale sur notre site.<\/p>\n<p><em><span style=\"text-decoration: underline;\"><strong>6.4.2. Cookies fonctionnels<\/strong><\/span><\/em><br \/>\n<strong>&#8211; Cookies analytiques<\/strong><br \/>\nNous utilisons des cookies analytiques, collectant des donn\u00e9es relatives \u00e0 votre utilisation de notre site.<br \/>\nLes donn\u00e9es agr\u00e9g\u00e9es et anonymes provenant de ces cookies sont uniquement utilis\u00e9es pour am\u00e9liorer le<br \/>\nfonctionnement de notre site internet.<br \/>\n<strong>&#8211; Cookies pulicitaire<\/strong><br \/>\nNous utilisons des cookies nous permettant de diffuser des offres publicitaires et annonces pertinentes et<br \/>\nadapt\u00e9es \u00e0 vos centres d\u2019int\u00e9r\u00eat, li\u00e9es \u00e0 votre historique de navigation.<br \/>\nLe fait de refuser ces cookies ne suspendra pas la diffusion des publicit\u00e9s sur notre site Internet et aura<br \/>\nuniquement pour cons\u00e9quence de faire appara\u00eetre des publicit\u00e9s qui ne seront pas adapt\u00e9es \u00e0 vos centres<br \/>\nd\u2019int\u00e9r\u00eat ou li\u00e9es \u00e0 votre historique de navigation.<\/p>\n<p><em><strong>6.5. Vos choix<\/strong><\/em><br \/>\n<span style=\"text-decoration: underline;\"><em><strong>6.5.1. L&#8217;accord sur les cookies :<\/strong><\/em><\/span><br \/>\nL&#8217;enregistrement d&#8217;un cookie dans un terminal est essentiellement subordonn\u00e9 \u00e0 la volont\u00e9 de l&#8217;utilisateur de celui-ci. Vous pouvez exprimer et modifier \u00e0 tout moment et gratuitement vos pr\u00e9f\u00e9rences en mati\u00e8re de cookies, \u00e0 travers les choix qui vous sont offerts par votre logiciel de navigation.<br \/>\nSi vous avez accept\u00e9 dans votre logiciel de navigation l&#8217;enregistrement de cookies dans votre terminal, les cookies int\u00e9gr\u00e9s dans les pages et contenus que vous avez consult\u00e9s pourront \u00eatre stock\u00e9s temporairement dans un espace d\u00e9di\u00e9 de votre terminal.<br \/>\nIls y seront lisibles uniquement par leur \u00e9metteur.<\/p>\n<p><span style=\"text-decoration: underline;\"><strong><em>6.5.2. Le refus sur les cookies :<\/em><\/strong><\/span><br \/>\nVous pouvez supprimer ou refuser l\u2019enregistrement de l\u2019ensemble ou d\u2019une partie des cookies que nous \u00e9mettons en modifiant les param\u00e8tres de votre navigateur ou en modifiant les param\u00e8tres du gestionnaire de cookies.<br \/>\nPour la gestion des cookies et de vos choix, la configuration de chaque navigateur est diff\u00e9rente. Elle est d\u00e9crite dans le menu d&#8217;aide de votre navigateur, qui vous permettra de savoir de quelle mani\u00e8re modifier vos souhaits en mati\u00e8re de cookies.<\/p>\n<p>Pour Chrome\u2122 : ouvrez le menu de configuration, puis s\u00e9lectionnez Param\u00e8tres ; cliquez sur Param\u00e8tres avanc\u00e9s puis sur Param\u00e8tres de contenu, puis choisissez les options souhait\u00e9es.<\/p>\n<p>Pour Internet Explorer\u2122 : ouvrez le menu Outils, puis s\u00e9lectionnez Options internet ; cliquez sur l&#8217;onglet Confidentialit\u00e9, puis choisissez le niveau souhait\u00e9.<\/p>\n<p>Pour Firefox\u2122 : ouvrez le menu Outils, puis s\u00e9lectionnez Options ; cliquez sur l&#8217;onglet Vie priv\u00e9e puis choisissez les options souhait\u00e9es.<\/p>\n<p>Pour Safari\u2122 : choisissez Safari ; Pr\u00e9f\u00e9rences puis cliquez sur S\u00e9curit\u00e9 ; cliquez sur Afficher les cookies puis choisissez les options souhait\u00e9es.<\/p>\n<p>Pour Opera\u2122 : ouvrez le menu Outils, puis s\u00e9lectionnez Pr\u00e9f\u00e9rences ; cliquez sur l&#8217;onglet Avanc\u00e9, puis dans la rubrique Cookies cliquez sur G\u00e9rer les cookies ; choisissez les options souhait\u00e9es.<\/p>\n","protected":false},"excerpt":{"rendered":"<p>Persoonsgegevens Bekijk hier ons privacy- en cookiebeleid. Adwanted Media Solutions s\u2019engage \u00e0 prot\u00e9ger les donn\u00e9es \u00e0 caract\u00e8re personnel de ses clients et de ses lecteurs et \u00e0 en assurer le&hellip;<\/p>\n","protected":false},"author":5774,"featured_media":0,"parent":0,"menu_order":0,"comment_status":"closed","ping_status":"closed","template":"","meta":{"_acf_changed":false,"_FSMCFIC_featured_image_caption":"","_FSMCFIC_featured_image_nocaption":"","_FSMCFIC_featured_image_hide":"","footnotes":""},"class_list":["post-300501","page","type-page","status-publish","hentry","entry"],"acf":[],"aioseo_notices":[],"publishpress_future_action":{"enabled":false,"date":"2026-05-16 23:49:55","action":"change-status","newStatus":"draft","terms":[],"taxonomy":"translation_priority"},"_links":{"self":[{"href":"https:\/\/be.themedialeader.com\/nl\/wp-json\/wp\/v2\/pages\/300501"}],"collection":[{"href":"https:\/\/be.themedialeader.com\/nl\/wp-json\/wp\/v2\/pages"}],"about":[{"href":"https:\/\/be.themedialeader.com\/nl\/wp-json\/wp\/v2\/types\/page"}],"author":[{"embeddable":true,"href":"https:\/\/be.themedialeader.com\/nl\/wp-json\/wp\/v2\/users\/5774"}],"replies":[{"embeddable":true,"href":"https:\/\/be.themedialeader.com\/nl\/wp-json\/wp\/v2\/comments?post=300501"}],"version-history":[{"count":4,"href":"https:\/\/be.themedialeader.com\/nl\/wp-json\/wp\/v2\/pages\/300501\/revisions"}],"predecessor-version":[{"id":300742,"href":"https:\/\/be.themedialeader.com\/nl\/wp-json\/wp\/v2\/pages\/300501\/revisions\/300742"}],"wp:attachment":[{"href":"https:\/\/be.themedialeader.com\/nl\/wp-json\/wp\/v2\/media?parent=300501"}],"curies":[{"name":"wp","href":"https:\/\/api.w.org\/{rel}","templated":true}]}}