{"id":293284,"date":"2023-05-19T09:17:16","date_gmt":"2023-05-19T07:17:16","guid":{"rendered":"https:\/\/be.themedialeader.com\/?page_id=293284"},"modified":"2025-09-10T13:43:46","modified_gmt":"2025-09-10T11:43:46","slug":"juridische-vermeldingen","status":"publish","type":"page","link":"https:\/\/be.themedialeader.com\/nl\/juridische-vermeldingen\/","title":{"rendered":"Juridische vermeldingen"},"content":{"rendered":"<h1 style=\"text-align: center;\"><span class=\"field field--name-title field--type-string field--label-hidden\">\u00a0Juridische vermeldingen<\/span><\/h1>\n<div class=\"clearfix text-formatted field field--name-body field--type-text-with-summary field--label-hidden field__item\">\n<p>The Media Leader FR (<a target=\"_blank\" rel=\"noopener\" href=\"https:\/\/tarifmedia.themedialeader.fr\/\">www.the-media-leader.fr<\/a>) est \u00e9dit\u00e9 par la soci\u00e9t\u00e9 Adwanted Media Solutions, SAS au capital de 50 000\u20ac immatricul\u00e9e au RCS de Paris. SIRET : 48536249500031<\/p>\n<p>Directeur de la publication : Fran\u00e7ois Quairel<\/p>\n<p>Si\u00e8ge social et r\u00e9daction : 13 rue La Fayette, 75009 Paris &#8211; France<\/p>\n<p>Adresse g\u00e9n\u00e9rale :\u00a0<a target=\"_blank\" rel=\"noopener\" href=\"mailto:contact@themedialeader.pro\">contact@themedialeader.pro<\/a><\/p>\n<p>R\u00e9daction :\u00a0<a target=\"_blank\" rel=\"noopener\" href=\"mailto:redaction@themedialeader.pro\">redaction@themedialeader.pro<\/a><\/p>\n<p>Les marques The Media Leader France, 100%Media sont d\u00e9pos\u00e9es par la soci\u00e9t\u00e9 Adwanted Media Solutions, filiale d&#8217;Adwanted Group<\/p>\n<p>D\u00e9veloppement web : <a target=\"_blank\" rel=\"noopener\" href=\"https:\/\/idapp.pro\/\">IDAPP<\/a> &#8211; 8 bis rue Gabriel Voisin, 51100 Reims<\/p>\n<p>H\u00e9bergeur : Adwanted Group &#8211; 13 rue La Fayette, 75009 Paris<\/p>\n<\/div>\n","protected":false},"excerpt":{"rendered":"<p>\u00a0Juridische vermeldingen The Media Leader FR (www.the-media-leader.fr) est \u00e9dit\u00e9 par la soci\u00e9t\u00e9 Adwanted Media Solutions, SAS au capital de 50 000\u20ac immatricul\u00e9e au RCS de Paris. SIRET : 48536249500031 Directeur&hellip;<\/p>\n","protected":false},"author":5776,"featured_media":0,"parent":0,"menu_order":0,"comment_status":"closed","ping_status":"closed","template":"","meta":{"_acf_changed":false,"_FSMCFIC_featured_image_caption":"","_FSMCFIC_featured_image_nocaption":"","_FSMCFIC_featured_image_hide":"","footnotes":""},"class_list":["post-293284","page","type-page","status-publish","hentry","entry"],"acf":[],"aioseo_notices":[],"publishpress_future_action":{"enabled":false,"date":"2026-05-17 10:05:23","action":"change-status","newStatus":"draft","terms":[],"taxonomy":"translation_priority"},"_links":{"self":[{"href":"https:\/\/be.themedialeader.com\/nl\/wp-json\/wp\/v2\/pages\/293284"}],"collection":[{"href":"https:\/\/be.themedialeader.com\/nl\/wp-json\/wp\/v2\/pages"}],"about":[{"href":"https:\/\/be.themedialeader.com\/nl\/wp-json\/wp\/v2\/types\/page"}],"author":[{"embeddable":true,"href":"https:\/\/be.themedialeader.com\/nl\/wp-json\/wp\/v2\/users\/5776"}],"replies":[{"embeddable":true,"href":"https:\/\/be.themedialeader.com\/nl\/wp-json\/wp\/v2\/comments?post=293284"}],"version-history":[{"count":2,"href":"https:\/\/be.themedialeader.com\/nl\/wp-json\/wp\/v2\/pages\/293284\/revisions"}],"predecessor-version":[{"id":293286,"href":"https:\/\/be.themedialeader.com\/nl\/wp-json\/wp\/v2\/pages\/293284\/revisions\/293286"}],"wp:attachment":[{"href":"https:\/\/be.themedialeader.com\/nl\/wp-json\/wp\/v2\/media?parent=293284"}],"curies":[{"name":"wp","href":"https:\/\/api.w.org\/{rel}","templated":true}]}}