{"id":293280,"date":"2023-05-19T09:16:39","date_gmt":"2023-05-19T07:16:39","guid":{"rendered":"https:\/\/be.themedialeader.com\/?page_id=293280"},"modified":"2025-09-10T13:41:03","modified_gmt":"2025-09-10T11:41:03","slug":"algemene-voorwaarden","status":"publish","type":"page","link":"https:\/\/be.themedialeader.com\/nl\/algemene-voorwaarden\/","title":{"rendered":"Algemene voorwaarden"},"content":{"rendered":"<h1><span class=\"field field--name-title field--type-string field--label-hidden\">Algemene voorwaarden<\/span><\/h1>\n<div class=\"clearfix text-formatted field field--name-body field--type-text-with-summary field--label-hidden field__item\">\n<p><strong>1. Acceptation des conditions d&#8217;utilisation<\/strong><br \/>\nThe Media Leader (soci\u00e9t\u00e9 \u00e9ditrice : Adwanted Media Solutions) vous fournit ses services sous r\u00e9serve que vous vous engagiez \u00e0 respecter les pr\u00e9sentes conditions d&#8217;utilisation (ci-apr\u00e8s d\u00e9nomm\u00e9es \u00ab Conditions d&#8217;Utilisation \u00bb) que Adwanted Media Solutions sera libre de modifier \u00e0 tout moment.<\/p>\n<p><strong>2. Description du service<\/strong><br \/>\nAdwanted Media Solutions fournit actuellement \u00e0 ses utilisateurs un acc\u00e8s libre \u00e0 de nombreuses donn\u00e9es concernant les offres commerciales des m\u00e9dias : Tarifs, \u00e9quipes commerciales, op\u00e9rations sp\u00e9ciales, \u00e9tudes ainsi que d\u2019autres services. L\u2019ensemble des donn\u00e9es est ci-apr\u00e8s d\u00e9nomm\u00e9 \u00ab Le service \u00bb. Sauf disposition expresse contraire, toute nouvelle caract\u00e9ristique qui am\u00e9liore ou augmente un ou plusieurs services existants ou tout nouveau service lanc\u00e9 par Adwanted Media Solutions sera soumis aux pr\u00e9sentes Conditions d&#8217;Utilisation. Le Service vous est fourni \u00ab en l&#8217;\u00e9tat\u00bb.<br \/>\nAdwanted Media Solutions ne peut \u00eatre tenu responsable, envers un abonn\u00e9 ou un tiers, d\u2019aucun dommage indirect, d`aucune perte de profit ou de chiffre d&#8217;affaires, survenus de quelques mani\u00e8res que ce soit, m\u00eame si ce dommage ou cette perte ou ce pr\u00e9judice \u00e9tait pr\u00e9visible par Adwanted Media Solutions, ou si son \u00e9ventualit\u00e9 avait \u00e9t\u00e9 port\u00e9e \u00e0 son attention.<br \/>\nthemedialeader.fr n&#8217;est responsable d&#8217;aucun manquement \u00e0 ses obligations telles que d\u00e9finies dans la pr\u00e9sente Charte r\u00e9sultant d`un cas de force majeure.<\/p>\n<p><strong>3. Obligation d&#8217;inscription<\/strong><br \/>\nPar l&#8217;utilisation faite du Service vous acceptez de : (I) fournir des informations vraies, exactes, \u00e0 jour et compl\u00e8tes sur vous-m\u00eame comme demand\u00e9 dans le formulaire d&#8217;inscription au Service (ces informations \u00e9tant ci-apr\u00e8s d\u00e9nomm\u00e9es les \u00abDonn\u00e9es d&#8217;Inscription\u00bb) et (II) maintenir et remettre \u00e0 jour\u00a0 r\u00e9guli\u00e8rement les Donn\u00e9es d&#8217;Inscription afin de les conserver vraies, exactes, \u00e0 jour et compl\u00e8tes. Dans l&#8217;hypoth\u00e8se o\u00f9 vous fourniriez des informations fausses, inexactes, p\u00e9rim\u00e9es ou incompl\u00e8tes, themedialeader.fr serait en droit de suspendre ou de r\u00e9silier votre compte et de vous refuser imm\u00e9diatement et pour le futur l&#8217;acc\u00e8s \u00e0 tout ou partie du Service.<br \/>\nL&#8217;inscription aux Services themedialeader.fr est r\u00e9serv\u00e9e aux personnes juridiquement capables de souscrire des contrats concernant les biens et les services propos\u00e9s sur le site.<br \/>\nA l&#8217;issue de la proc\u00e9dure d&#8217;inscription, un compte sera ouvert au nom de l`abonn\u00e9, qui aura acc\u00e8s sans aucune limite \u00e0 l\u2019ensemble de la base disponible dans the-media-leader.fr.<\/p>\n<p><strong>4. Politique de Adwanted Media Solutions en mati\u00e8re de vie priv\u00e9e<\/strong><br \/>\nPour conna\u00eetre la politique de protection des donn\u00e9es d\u2019Adwanted Media Solutions, consultez notre politique de protection des donn\u00e9es accessible <a target=\"_blank\" rel=\"noopener\" href=\"https:\/\/the-media-leader.fr\/politique-de-gestion-des-donnees-personnelles-et-des-cookies\">ici<\/a><\/p>\n<p><strong>5. Compte d&#8217;utilisateur, mot de passe et s\u00e9curit\u00e9<\/strong><br \/>\n\u00c0 l&#8217;issue de la proc\u00e9dure d&#8217;inscription, vous recevrez un mot de passe. Vous \u00eates seul responsable de la conservation du caract\u00e8re confidentiel de vos compte et mot de passe et de toutes actions qui pourront \u00eatre faites sous votre compte et\/ou avec votre mot de passe.<\/p>\n<p><strong>6. Interdiction de revendre le service<\/strong><br \/>\nVous vous interdisez de reproduire, copier, vendre, revendre, ou exploiter dans un but commercial quelque partie du Service, toute utilisation du Service, ou tout droit d&#8217;acc\u00e8s au Service.<\/p>\n<p><strong>7. Modification du service<\/strong><br \/>\nthemedialeader.fr se r\u00e9serve le droit, \u00e0 tout moment, de modifier interrompre temporairement ou de mani\u00e8re permanente tout ou partie du Service et ce sans \u00e0 avoir \u00e0 vous en informer pr\u00e9alablement. Adwanted Media Solutions ne pourra \u00eatre tenu responsable \u00e0 votre encontre ou \u00e0 l&#8217;encontre de tout tiers pour toute modification, suspension ou interruption du Service.<br \/>\nL\u2019acc\u00e8s \u00e0 la base de donn\u00e9es de the-media-leader.fr est un service gratuit. themedialeader.fr se r\u00e9serve le droit de rendre payants certains services \u00e0 tout moment.<\/p>\n<p><strong>8. R\u00e9siliation<\/strong><br \/>\nVous reconnaissez \u00e0 themedaleader.fr\u00a0 le droit de mettre fin \u00e0 tout ou partie du droit d&#8217;acc\u00e8s correspondant \u00e0 votre compte et votre mot de passe, voire de supprimer votre compte et mot de passe, ainsi que le droit de retirer ou de d\u00e9placer tout Contenu sur le Service et ce pour tout motif notamment en raison de l&#8217;absence d&#8217;utilisation, ou si themedialeader.fr a de bonnes raisons de croire que vous avez viol\u00e9 ou agi en contradiction avec la lettre ou l&#8217;esprit des pr\u00e9sentes Conditions d&#8217;Utilisation.<br \/>\nthemedialeader.fr peut \u00e9galement unilat\u00e9ralement et \u00e0 tout moment interrompre la fourniture du Service.<br \/>\nVous reconnaissez que toute r\u00e9siliation de votre acc\u00e8s au Service en application des termes des pr\u00e9sentes peut intervenir sans mise en demeure pr\u00e9alable, et vous reconnaissez et acceptez que Adwanted Media Solutions sera en droit de d\u00e9sactiver ou supprimer \u00e0 tout moment et avec effet imm\u00e9diat votre compte et tout dossier ou fichier pr\u00e9sent dans ce compte et\/ou interdire tout acc\u00e8s ult\u00e9rieur \u00e0 ces fichiers ou au Service. De plus vous reconnaissez que themedialeader.fr ne pourra \u00eatre tenu pour responsable \u00e0 votre encontre ou \u00e0 l&#8217;encontre de tiers pour toute r\u00e9siliation de votre acc\u00e8s au Service.<\/p>\n<p><strong>9. Liens<\/strong><br \/>\nLe Service peut fournir ou des tiers peuvent inclure des liens vers d&#8217;autres sites Web ou d&#8217;autres sources Internet. Dans la mesure o\u00f9 themedialeader.fr ne peut contr\u00f4ler ces sites et ces sources externes, themedialeader.fr ne peut \u00eatre tenu pour responsable de la mise \u00e0 disposition de ces sites et sources externes, et ne peut supporter aucune responsabilit\u00e9 quant au Contenu, publicit\u00e9s, produits, services ou tout autre mat\u00e9riel disponible sur ou \u00e0 partir de ces sites ou sources externes. De plus, vous reconnaissez que themedialeader.fr ne pourra \u00eatre tenu responsable de tous dommages ou pertes av\u00e9r\u00e9s ou all\u00e9gu\u00e9s cons\u00e9cutifs ou en relation avec l&#8217;utilisation ou avec le fait d&#8217;avoir fait confiance au Contenu, \u00e0 des biens ou des services disponibles sur ces sites ou sources externes.<\/p>\n<p><strong>10. Garanties\u00a0 \u00a0 \u00a0 \u00a0 \u00a0 \u00a0 \u00a0 \u00a0 \u00a0 \u00a0 \u00a0 \u00a0 \u00a0 \u00a0 \u00a0 \u00a0 \u00a0 \u00a0 \u00a0 \u00a0 \u00a0 \u00a0 \u00a0 \u00a0 \u00a0 \u00a0 \u00a0 \u00a0 \u00a0 \u00a0 \u00a0 \u00a0 \u00a0 \u00a0 \u00a0 \u00a0 \u00a0 \u00a0 \u00a0 \u00a0 \u00a0 <\/strong><\/p>\n<p>Vous reconnaissez et acceptez express\u00e9ment que :<br \/>\nthemedialeader.fr ne garantit pas que (i) le service r\u00e9pondra parfaitement a vos attentes (ii) le service sera ininterrompu, opportun, s\u00fbr ou d\u00e9pourvu de toute erreur (iii) les r\u00e9sultats qui peuvent etre obtenu en utilisant le service seront exacts et fiables et (iv) que les d\u00e9fauts dans les logiciels utilises, s&#8217;il en existe, feront l&#8217;objet d&#8217;une correction.<\/p>\n<p><strong>11. limitation de responsabilit\u00e9<\/strong> : vous reconnaissez et acceptez que, dans toute la mesure permise par la r\u00e8glementation en vigueur, Adwanted Media Solutions ne pourra \u00eatre tenu pour responsable de tout dommage direct ou indirect en ce y compris notamment les pertes de profits, de client\u00e8le, de donn\u00e9es ou toute autre perte de biens incorporels (et ce m\u00eame si themedialeader.fr a \u00e9t\u00e9 inform\u00e9 de la potentialit\u00e9 de tels dommages)<\/p>\n<p><strong>12. Notification<\/strong><br \/>\nToute notification pourra vous \u00eatre adress\u00e9e par e-mail ou par courrier postal.<br \/>\nAdwanted Media Solutions se r\u00e9serve \u00e9galement la possibilit\u00e9 de modifier les pr\u00e9sentes Conditions d&#8217;Utilisation du Service en pla\u00e7ant directement sur le Service des notifications de changement ou des liens vers de telles notifications.<\/p>\n<p><strong>13. Informations aff\u00e9rentes aux marques d\u00e9pos\u00e9es<\/strong><br \/>\nThe Media Leader, les logos The Media Leader, 100%Media et tous autres logos, noms de produits et services themedialeader.fr sont des marques d\u00e9pos\u00e9es propri\u00e9t\u00e9 de Adwanted Media Solutions (ci-apr\u00e8s collectivement d\u00e9nomm\u00e9es les \u00ab Marques The Media Leader \u00bb). Sans autorisation expresse de Adwanted Media Solutions, vous vous engagez \u00e0 ne pas utiliser ou diffuser de quelque mani\u00e8re que se soit les Marques Adwanted Media Solutions.<\/p>\n<p><strong>14. Divers<\/strong><br \/>\nLes pr\u00e9sentes Conditions d&#8217;Utilisation du Service constituent la totalit\u00e9 de l&#8217;accord pass\u00e9 entre Adwanted Media Solutions et l&#8217;utilisateur du Service pour ce qui concerne l&#8217;utilisation du Service, et se substituent \u00e0 tout accord \u00e9ventuellement intervenu ant\u00e9rieurement entre vous et Adwanted Media Solutions Vous pouvez \u00e9galement \u00eatre soumis \u00e0 des conditions d&#8217;utilisations additionnelles sp\u00e9cifiques \u00e0 certains services, contenus de tiers et logiciels de tiers et qui vous seront communiqu\u00e9es lorsque vous acc\u00e9dez \u00e0 ces services, contenus ou logiciels. Le d\u00e9faut pour Adwanted Media Solutions d&#8217;exercer les droits qui lui sont reconnus en application des pr\u00e9sentes ne constitue pas une renonciation \u00e0 faire valoir ces droits. Dans l&#8217;hypoth\u00e8se o\u00f9 l&#8217;une quelconque des dispositions des pr\u00e9sentes Conditions d&#8217;Utilisation serait annul\u00e9e par une d\u00e9cision de justice, les parties s&#8217;accordent \u00e0 guider le juge pour que l&#8217;appr\u00e9ciation du juge tienne compte dela commune intention des parties manifest\u00e9e par les pr\u00e9sentes Conditions\u00a0 d&#8217;Utilisation, les autres dispositions demeurant valables et continuant de s&#8217;appliquer entre les parties. Les titres des articles n&#8217;ont qu&#8217;une valeur indicative.<br \/>\nLes pr\u00e9sentes Conditions d&#8217;Utilisation et la relation entre Adwanted Media Solutions et les utilisateurs seront soumises au droit fran\u00e7ais et tout diff\u00e9rend n&#8217;ayant pu trouver une issue transactionnelle sera port\u00e9 devant les tribunaux comp\u00e9tents de Paris.<\/p>\n<\/div>\n","protected":false},"excerpt":{"rendered":"<p>Algemene voorwaarden 1. Acceptation des conditions d&#8217;utilisation The Media Leader (soci\u00e9t\u00e9 \u00e9ditrice : Adwanted Media Solutions) vous fournit ses services sous r\u00e9serve que vous vous engagiez \u00e0 respecter les pr\u00e9sentes&hellip;<\/p>\n","protected":false},"author":5776,"featured_media":0,"parent":0,"menu_order":0,"comment_status":"closed","ping_status":"closed","template":"","meta":{"_acf_changed":false,"_FSMCFIC_featured_image_caption":"","_FSMCFIC_featured_image_nocaption":"","_FSMCFIC_featured_image_hide":"","footnotes":""},"class_list":["post-293280","page","type-page","status-publish","hentry","entry"],"acf":[],"aioseo_notices":[],"publishpress_future_action":{"enabled":false,"date":"2026-05-21 00:47:12","action":"change-status","newStatus":"draft","terms":[],"taxonomy":"translation_priority"},"_links":{"self":[{"href":"https:\/\/be.themedialeader.com\/nl\/wp-json\/wp\/v2\/pages\/293280"}],"collection":[{"href":"https:\/\/be.themedialeader.com\/nl\/wp-json\/wp\/v2\/pages"}],"about":[{"href":"https:\/\/be.themedialeader.com\/nl\/wp-json\/wp\/v2\/types\/page"}],"author":[{"embeddable":true,"href":"https:\/\/be.themedialeader.com\/nl\/wp-json\/wp\/v2\/users\/5776"}],"replies":[{"embeddable":true,"href":"https:\/\/be.themedialeader.com\/nl\/wp-json\/wp\/v2\/comments?post=293280"}],"version-history":[{"count":1,"href":"https:\/\/be.themedialeader.com\/nl\/wp-json\/wp\/v2\/pages\/293280\/revisions"}],"predecessor-version":[{"id":293281,"href":"https:\/\/be.themedialeader.com\/nl\/wp-json\/wp\/v2\/pages\/293280\/revisions\/293281"}],"wp:attachment":[{"href":"https:\/\/be.themedialeader.com\/nl\/wp-json\/wp\/v2\/media?parent=293280"}],"curies":[{"name":"wp","href":"https:\/\/api.w.org\/{rel}","templated":true}]}}